{"id":6,"date":"2020-12-13T00:32:14","date_gmt":"2020-12-13T00:32:14","guid":{"rendered":"http:\/\/www.sendagames.com\/WEB\/?page_id=2"},"modified":"2020-12-18T02:15:27","modified_gmt":"2020-12-18T02:15:27","slug":"game-of-zombies","status":"publish","type":"page","link":"https:\/\/www.sendagames.com\/index.php\/game-of-zombies\/","title":{"rendered":"GAME OF ZOMBIES"},"content":{"rendered":"\n<p class=\"has-text-align-center\">GOZ, es mucho m\u00e1s que un juego de Zombies. Enfr\u00e9ntate a millones de enemigos por rondas, en el mayor Apocalipsis jam\u00e1s contado.<br>Masacra, aniquila y revienta todo lo que se interponga en tu camino, tu mayor problema, seguir con vida. Ad\u00e9ntrate en la piel del cient\u00edfico Adam, descubre todos los misterios ocultos y resuelve la paradoja en la que se encuentra atrapado.<br>Equ\u00edpate con las armas m\u00e1s destructivas, bebe pociones y usa tus poderes m\u00e1gicos para ayudarte en la batalla contra los no muertos.<\/p>\n\n\n\n<div class=\"wp-block-columns is-layout-flex wp-container-5\">\n<div class=\"wp-block-column is-layout-flow\" style=\"flex-basis:100%\">\n<div class=\"wp-block-group\"><div class=\"wp-block-group__inner-container is-layout-flow\">\n<figure class=\"wp-block-gallery columns-3 is-cropped wp-block-gallery-1 is-layout-flex\"><ul class=\"blocks-gallery-grid\"><li class=\"blocks-gallery-item\"><figure><img decoding=\"async\" loading=\"lazy\" width=\"1024\" height=\"473\" src=\"http:\/\/www.sendagames.com\/wp-content\/uploads\/2020\/12\/GOZ-appstore1-1024x473.png\" alt=\"\" data-id=\"184\" data-full-url=\"http:\/\/www.sendagames.com\/wp-content\/uploads\/2020\/12\/GOZ-appstore1.png\" data-link=\"http:\/\/www.sendagames.com\/index.php\/pagina-ejemplo-2\/goz-appstore1\/\" class=\"wp-image-184\" srcset=\"https:\/\/www.sendagames.com\/wp-content\/uploads\/2020\/12\/GOZ-appstore1-1024x473.png 1024w, https:\/\/www.sendagames.com\/wp-content\/uploads\/2020\/12\/GOZ-appstore1-300x139.png 300w, https:\/\/www.sendagames.com\/wp-content\/uploads\/2020\/12\/GOZ-appstore1-768x355.png 768w, https:\/\/www.sendagames.com\/wp-content\/uploads\/2020\/12\/GOZ-appstore1-1536x710.png 1536w, https:\/\/www.sendagames.com\/wp-content\/uploads\/2020\/12\/GOZ-appstore1-2048x946.png 2048w\" sizes=\"(max-width: 1024px) 100vw, 1024px\" \/><\/figure><\/li><li class=\"blocks-gallery-item\"><figure><img decoding=\"async\" loading=\"lazy\" width=\"1024\" height=\"473\" src=\"http:\/\/www.sendagames.com\/wp-content\/uploads\/2020\/12\/GOZ-appstore2-1024x473.png\" alt=\"\" data-id=\"186\" data-full-url=\"http:\/\/www.sendagames.com\/wp-content\/uploads\/2020\/12\/GOZ-appstore2.png\" data-link=\"http:\/\/www.sendagames.com\/index.php\/pagina-ejemplo-2\/goz-appstore2\/\" class=\"wp-image-186\" srcset=\"https:\/\/www.sendagames.com\/wp-content\/uploads\/2020\/12\/GOZ-appstore2-1024x473.png 1024w, https:\/\/www.sendagames.com\/wp-content\/uploads\/2020\/12\/GOZ-appstore2-300x139.png 300w, https:\/\/www.sendagames.com\/wp-content\/uploads\/2020\/12\/GOZ-appstore2-768x355.png 768w, https:\/\/www.sendagames.com\/wp-content\/uploads\/2020\/12\/GOZ-appstore2-1536x710.png 1536w, https:\/\/www.sendagames.com\/wp-content\/uploads\/2020\/12\/GOZ-appstore2-2048x946.png 2048w\" sizes=\"(max-width: 1024px) 100vw, 1024px\" \/><\/figure><\/li><li class=\"blocks-gallery-item\"><figure><img decoding=\"async\" loading=\"lazy\" width=\"1024\" height=\"473\" src=\"http:\/\/www.sendagames.com\/wp-content\/uploads\/2020\/12\/GOZ-appstore3-1024x473.png\" alt=\"\" data-id=\"187\" data-full-url=\"http:\/\/www.sendagames.com\/wp-content\/uploads\/2020\/12\/GOZ-appstore3.png\" data-link=\"http:\/\/www.sendagames.com\/index.php\/pagina-ejemplo-2\/goz-appstore3\/\" class=\"wp-image-187\" srcset=\"https:\/\/www.sendagames.com\/wp-content\/uploads\/2020\/12\/GOZ-appstore3-1024x473.png 1024w, https:\/\/www.sendagames.com\/wp-content\/uploads\/2020\/12\/GOZ-appstore3-300x139.png 300w, https:\/\/www.sendagames.com\/wp-content\/uploads\/2020\/12\/GOZ-appstore3-768x355.png 768w, https:\/\/www.sendagames.com\/wp-content\/uploads\/2020\/12\/GOZ-appstore3-1536x710.png 1536w, https:\/\/www.sendagames.com\/wp-content\/uploads\/2020\/12\/GOZ-appstore3-2048x946.png 2048w\" sizes=\"(max-width: 1024px) 100vw, 1024px\" \/><\/figure><\/li><li class=\"blocks-gallery-item\"><figure><img decoding=\"async\" loading=\"lazy\" width=\"1024\" height=\"473\" src=\"http:\/\/www.sendagames.com\/wp-content\/uploads\/2020\/12\/GOZ-appstore4-1024x473.png\" alt=\"\" data-id=\"188\" data-full-url=\"http:\/\/www.sendagames.com\/wp-content\/uploads\/2020\/12\/GOZ-appstore4.png\" data-link=\"http:\/\/www.sendagames.com\/index.php\/pagina-ejemplo-2\/goz-appstore4\/\" class=\"wp-image-188\" srcset=\"https:\/\/www.sendagames.com\/wp-content\/uploads\/2020\/12\/GOZ-appstore4-1024x473.png 1024w, https:\/\/www.sendagames.com\/wp-content\/uploads\/2020\/12\/GOZ-appstore4-300x139.png 300w, https:\/\/www.sendagames.com\/wp-content\/uploads\/2020\/12\/GOZ-appstore4-768x355.png 768w, https:\/\/www.sendagames.com\/wp-content\/uploads\/2020\/12\/GOZ-appstore4-1536x710.png 1536w, https:\/\/www.sendagames.com\/wp-content\/uploads\/2020\/12\/GOZ-appstore4-2048x946.png 2048w\" sizes=\"(max-width: 1024px) 100vw, 1024px\" \/><\/figure><\/li><li class=\"blocks-gallery-item\"><figure><img decoding=\"async\" loading=\"lazy\" width=\"1024\" height=\"473\" src=\"http:\/\/www.sendagames.com\/wp-content\/uploads\/2020\/12\/GOZ-appstore5-1024x473.png\" alt=\"\" data-id=\"189\" data-full-url=\"http:\/\/www.sendagames.com\/wp-content\/uploads\/2020\/12\/GOZ-appstore5.png\" data-link=\"http:\/\/www.sendagames.com\/index.php\/pagina-ejemplo-2\/goz-appstore5\/\" class=\"wp-image-189\" srcset=\"https:\/\/www.sendagames.com\/wp-content\/uploads\/2020\/12\/GOZ-appstore5-1024x473.png 1024w, https:\/\/www.sendagames.com\/wp-content\/uploads\/2020\/12\/GOZ-appstore5-300x139.png 300w, https:\/\/www.sendagames.com\/wp-content\/uploads\/2020\/12\/GOZ-appstore5-768x355.png 768w, https:\/\/www.sendagames.com\/wp-content\/uploads\/2020\/12\/GOZ-appstore5-1536x710.png 1536w, https:\/\/www.sendagames.com\/wp-content\/uploads\/2020\/12\/GOZ-appstore5-2048x946.png 2048w\" sizes=\"(max-width: 1024px) 100vw, 1024px\" \/><\/figure><\/li><\/ul><\/figure>\n<\/div><\/div>\n<\/div>\n<\/div>\n\n\n\n<figure class=\"wp-block-video aligncenter\"><video autoplay loop muted src=\"http:\/\/www.sendagames.com\/wp-content\/uploads\/2020\/12\/GOZ-video.mp4\"><\/video><\/figure>\n","protected":false},"excerpt":{"rendered":"<p>GOZ, es mucho m\u00e1s que un juego de Zombies. Enfr\u00e9ntate a millones de enemigos por [&hellip;]<\/p>\n","protected":false},"author":1,"featured_media":0,"parent":0,"menu_order":0,"comment_status":"closed","ping_status":"open","template":"","meta":[],"_links":{"self":[{"href":"https:\/\/www.sendagames.com\/index.php\/wp-json\/wp\/v2\/pages\/6"}],"collection":[{"href":"https:\/\/www.sendagames.com\/index.php\/wp-json\/wp\/v2\/pages"}],"about":[{"href":"https:\/\/www.sendagames.com\/index.php\/wp-json\/wp\/v2\/types\/page"}],"author":[{"embeddable":true,"href":"https:\/\/www.sendagames.com\/index.php\/wp-json\/wp\/v2\/users\/1"}],"replies":[{"embeddable":true,"href":"https:\/\/www.sendagames.com\/index.php\/wp-json\/wp\/v2\/comments?post=6"}],"version-history":[{"count":8,"href":"https:\/\/www.sendagames.com\/index.php\/wp-json\/wp\/v2\/pages\/6\/revisions"}],"predecessor-version":[{"id":274,"href":"https:\/\/www.sendagames.com\/index.php\/wp-json\/wp\/v2\/pages\/6\/revisions\/274"}],"wp:attachment":[{"href":"https:\/\/www.sendagames.com\/index.php\/wp-json\/wp\/v2\/media?parent=6"}],"curies":[{"name":"wp","href":"https:\/\/api.w.org\/{rel}","templated":true}]}}