{"id":51,"date":"2020-12-13T02:28:09","date_gmt":"2020-12-13T02:28:09","guid":{"rendered":"http:\/\/www.sendagames.com\/WEB\/?page_id=51"},"modified":"2024-08-17T22:49:44","modified_gmt":"2024-08-17T22:49:44","slug":"contacto","status":"publish","type":"page","link":"https:\/\/www.sendagames.com\/index.php\/contacto\/","title":{"rendered":"Contacto"},"content":{"rendered":"\n<p class=\"has-text-align-center\"><em>&#8220;Dise\u00f1amos juegos y aplicaciones para nosotros mismos. Por ello, cada trabajo que realizamos, cuida hasta el m\u00ednimo detalle para que todo funcione siempre a las mil maravillas. Mimamos cada aplicaci\u00f3n como si fuera \u00fanica y le aportamos todo el cari\u00f1o y la magia que firma nuestro trabajo.&#8221;  &#8211; Senda Games<\/em><\/p>\n\n\n\n<p class=\"has-text-align-center\" style=\"font-size:18px\">\u00bfProblemas con alguna de nuestras aplicaciones? \u00bfAlguna sugerencia? O simplemente quieres expresarnos tu opini\u00f3n.<\/p>\n\n\n\n<p class=\"has-text-align-center\" style=\"font-size:18px\">\u00a1Contacta con nosotros!<\/p>\n\n\n\n<ul>\n<li><strong>Correo:<\/strong> <a href=\"mailto: soporte@sendagames.com\">contacto@sendagames.com<\/a><\/li>\n\n\n\n<li><strong>Twitter:<\/strong> <a href=\"https:\/\/twitter.com\/sendagames\" target=\"_blank\" rel=\"noreferrer noopener\">@SendaGames<\/a><\/li>\n<\/ul>\n\n\n\n<p> <\/p>\n\n\n\n<div class=\"wp-block-image\"><figure class=\"aligncenter size-full\"><img decoding=\"async\" loading=\"lazy\" src=\"http:\/\/www.sendagames.com\/wp-content\/uploads\/2020\/12\/contacto.png\" alt=\"\" class=\"wp-image-310\" width=\"NaN\" height=\"NaN\"\/><\/figure><\/div>\n\n\n\n<p><\/p>\n","protected":false},"excerpt":{"rendered":"<p>&#8220;Dise\u00f1amos juegos y aplicaciones para nosotros mismos. Por ello, cada trabajo que realizamos, cuida hasta [&hellip;]<\/p>\n","protected":false},"author":1,"featured_media":0,"parent":0,"menu_order":0,"comment_status":"closed","ping_status":"closed","template":"","meta":[],"_links":{"self":[{"href":"https:\/\/www.sendagames.com\/index.php\/wp-json\/wp\/v2\/pages\/51"}],"collection":[{"href":"https:\/\/www.sendagames.com\/index.php\/wp-json\/wp\/v2\/pages"}],"about":[{"href":"https:\/\/www.sendagames.com\/index.php\/wp-json\/wp\/v2\/types\/page"}],"author":[{"embeddable":true,"href":"https:\/\/www.sendagames.com\/index.php\/wp-json\/wp\/v2\/users\/1"}],"replies":[{"embeddable":true,"href":"https:\/\/www.sendagames.com\/index.php\/wp-json\/wp\/v2\/comments?post=51"}],"version-history":[{"count":32,"href":"https:\/\/www.sendagames.com\/index.php\/wp-json\/wp\/v2\/pages\/51\/revisions"}],"predecessor-version":[{"id":354,"href":"https:\/\/www.sendagames.com\/index.php\/wp-json\/wp\/v2\/pages\/51\/revisions\/354"}],"wp:attachment":[{"href":"https:\/\/www.sendagames.com\/index.php\/wp-json\/wp\/v2\/media?parent=51"}],"curies":[{"name":"wp","href":"https:\/\/api.w.org\/{rel}","templated":true}]}}