{"id":41,"date":"2020-12-13T02:17:10","date_gmt":"2020-12-13T02:17:10","guid":{"rendered":"http:\/\/www.sendagames.com\/WEB\/?page_id=41"},"modified":"2020-12-13T20:36:27","modified_gmt":"2020-12-13T20:36:27","slug":"violet","status":"publish","type":"page","link":"https:\/\/www.sendagames.com\/index.php\/violet\/","title":{"rendered":"VIOLET\u00b4S DREAMS"},"content":{"rendered":"\n<p class=\"has-text-align-center\">Una ni\u00f1a, un lago, y un camino hasta su cama&#8230; As\u00ed comienza la historia, que se repetir\u00e1 una y otra vez hasta el fin de los tiempos&#8230; o al menos, hasta que suene el despertador.<br>Inmersa en un eterno sue\u00f1o,Violet se encuentra en un lugar m\u00e1gico, en el que deber\u00e1 tomar r\u00e1pidas decisionesy encontrar el camino correcto para volver a su cama.<br>Un original juego, que te mantendr\u00e1 despierto en el sue\u00f1o m\u00e1s profundo&#8230;<\/p>\n\n\n\n<div class=\"wp-block-group\"><div class=\"wp-block-group__inner-container is-layout-flow\">\n<figure class=\"wp-block-gallery columns-6 is-cropped wp-block-gallery-1 is-layout-flex\"><ul class=\"blocks-gallery-grid\"><li class=\"blocks-gallery-item\"><figure><img decoding=\"async\" loading=\"lazy\" width=\"576\" height=\"1024\" src=\"http:\/\/www.sendagames.com\/wp-content\/uploads\/2020\/12\/VIOLET-appstore1-576x1024.png\" alt=\"\" data-id=\"196\" data-full-url=\"http:\/\/www.sendagames.com\/wp-content\/uploads\/2020\/12\/VIOLET-appstore1.png\" data-link=\"http:\/\/www.sendagames.com\/index.php\/apps\/violet-appstore1\/\" class=\"wp-image-196\" srcset=\"https:\/\/www.sendagames.com\/wp-content\/uploads\/2020\/12\/VIOLET-appstore1-576x1024.png 576w, https:\/\/www.sendagames.com\/wp-content\/uploads\/2020\/12\/VIOLET-appstore1-169x300.png 169w, https:\/\/www.sendagames.com\/wp-content\/uploads\/2020\/12\/VIOLET-appstore1-768x1365.png 768w, https:\/\/www.sendagames.com\/wp-content\/uploads\/2020\/12\/VIOLET-appstore1-864x1536.png 864w, https:\/\/www.sendagames.com\/wp-content\/uploads\/2020\/12\/VIOLET-appstore1-1152x2048.png 1152w, https:\/\/www.sendagames.com\/wp-content\/uploads\/2020\/12\/VIOLET-appstore1.png 1242w\" sizes=\"(max-width: 576px) 100vw, 576px\" \/><\/figure><\/li><li class=\"blocks-gallery-item\"><figure><img decoding=\"async\" loading=\"lazy\" width=\"576\" height=\"1024\" src=\"http:\/\/www.sendagames.com\/wp-content\/uploads\/2020\/12\/VIOLET-appstore2-576x1024.png\" alt=\"\" data-id=\"197\" data-full-url=\"http:\/\/www.sendagames.com\/wp-content\/uploads\/2020\/12\/VIOLET-appstore2.png\" data-link=\"http:\/\/www.sendagames.com\/index.php\/apps\/violet-appstore2\/\" class=\"wp-image-197\" srcset=\"https:\/\/www.sendagames.com\/wp-content\/uploads\/2020\/12\/VIOLET-appstore2-576x1024.png 576w, https:\/\/www.sendagames.com\/wp-content\/uploads\/2020\/12\/VIOLET-appstore2-169x300.png 169w, https:\/\/www.sendagames.com\/wp-content\/uploads\/2020\/12\/VIOLET-appstore2-768x1365.png 768w, https:\/\/www.sendagames.com\/wp-content\/uploads\/2020\/12\/VIOLET-appstore2-864x1536.png 864w, https:\/\/www.sendagames.com\/wp-content\/uploads\/2020\/12\/VIOLET-appstore2-1152x2048.png 1152w, https:\/\/www.sendagames.com\/wp-content\/uploads\/2020\/12\/VIOLET-appstore2.png 1242w\" sizes=\"(max-width: 576px) 100vw, 576px\" \/><\/figure><\/li><li class=\"blocks-gallery-item\"><figure><img decoding=\"async\" loading=\"lazy\" width=\"576\" height=\"1024\" src=\"http:\/\/www.sendagames.com\/wp-content\/uploads\/2020\/12\/VIOLET-appstore3-576x1024.png\" alt=\"\" data-id=\"198\" data-full-url=\"http:\/\/www.sendagames.com\/wp-content\/uploads\/2020\/12\/VIOLET-appstore3.png\" data-link=\"http:\/\/www.sendagames.com\/index.php\/apps\/violet-appstore3\/\" class=\"wp-image-198\" srcset=\"https:\/\/www.sendagames.com\/wp-content\/uploads\/2020\/12\/VIOLET-appstore3-576x1024.png 576w, https:\/\/www.sendagames.com\/wp-content\/uploads\/2020\/12\/VIOLET-appstore3-169x300.png 169w, https:\/\/www.sendagames.com\/wp-content\/uploads\/2020\/12\/VIOLET-appstore3-768x1365.png 768w, https:\/\/www.sendagames.com\/wp-content\/uploads\/2020\/12\/VIOLET-appstore3-864x1536.png 864w, https:\/\/www.sendagames.com\/wp-content\/uploads\/2020\/12\/VIOLET-appstore3-1152x2048.png 1152w, https:\/\/www.sendagames.com\/wp-content\/uploads\/2020\/12\/VIOLET-appstore3.png 1242w\" sizes=\"(max-width: 576px) 100vw, 576px\" \/><\/figure><\/li><li class=\"blocks-gallery-item\"><figure><img decoding=\"async\" loading=\"lazy\" width=\"576\" height=\"1024\" src=\"http:\/\/www.sendagames.com\/wp-content\/uploads\/2020\/12\/VIOLET-appstore4-576x1024.png\" alt=\"\" data-id=\"200\" data-full-url=\"http:\/\/www.sendagames.com\/wp-content\/uploads\/2020\/12\/VIOLET-appstore4.png\" data-link=\"http:\/\/www.sendagames.com\/index.php\/apps\/violet-appstore4\/\" class=\"wp-image-200\" srcset=\"https:\/\/www.sendagames.com\/wp-content\/uploads\/2020\/12\/VIOLET-appstore4-576x1024.png 576w, https:\/\/www.sendagames.com\/wp-content\/uploads\/2020\/12\/VIOLET-appstore4-169x300.png 169w, https:\/\/www.sendagames.com\/wp-content\/uploads\/2020\/12\/VIOLET-appstore4-768x1365.png 768w, https:\/\/www.sendagames.com\/wp-content\/uploads\/2020\/12\/VIOLET-appstore4-864x1536.png 864w, https:\/\/www.sendagames.com\/wp-content\/uploads\/2020\/12\/VIOLET-appstore4-1152x2048.png 1152w, https:\/\/www.sendagames.com\/wp-content\/uploads\/2020\/12\/VIOLET-appstore4.png 1242w\" sizes=\"(max-width: 576px) 100vw, 576px\" \/><\/figure><\/li><li class=\"blocks-gallery-item\"><figure><img decoding=\"async\" loading=\"lazy\" width=\"576\" height=\"1024\" src=\"http:\/\/www.sendagames.com\/wp-content\/uploads\/2020\/12\/VIOLET-appstore5-576x1024.png\" alt=\"\" data-id=\"201\" data-full-url=\"http:\/\/www.sendagames.com\/wp-content\/uploads\/2020\/12\/VIOLET-appstore5.png\" data-link=\"http:\/\/www.sendagames.com\/index.php\/apps\/violet-appstore5\/\" class=\"wp-image-201\" srcset=\"https:\/\/www.sendagames.com\/wp-content\/uploads\/2020\/12\/VIOLET-appstore5-576x1024.png 576w, https:\/\/www.sendagames.com\/wp-content\/uploads\/2020\/12\/VIOLET-appstore5-169x300.png 169w, https:\/\/www.sendagames.com\/wp-content\/uploads\/2020\/12\/VIOLET-appstore5-768x1365.png 768w, https:\/\/www.sendagames.com\/wp-content\/uploads\/2020\/12\/VIOLET-appstore5-864x1536.png 864w, https:\/\/www.sendagames.com\/wp-content\/uploads\/2020\/12\/VIOLET-appstore5-1152x2048.png 1152w, https:\/\/www.sendagames.com\/wp-content\/uploads\/2020\/12\/VIOLET-appstore5.png 1242w\" sizes=\"(max-width: 576px) 100vw, 576px\" \/><\/figure><\/li><li class=\"blocks-gallery-item\"><figure><img decoding=\"async\" loading=\"lazy\" width=\"576\" height=\"1024\" src=\"http:\/\/www.sendagames.com\/wp-content\/uploads\/2020\/12\/VIOLET-appstore6-576x1024.png\" alt=\"\" data-id=\"202\" data-full-url=\"http:\/\/www.sendagames.com\/wp-content\/uploads\/2020\/12\/VIOLET-appstore6.png\" data-link=\"http:\/\/www.sendagames.com\/index.php\/apps\/violet-appstore6\/\" class=\"wp-image-202\" srcset=\"https:\/\/www.sendagames.com\/wp-content\/uploads\/2020\/12\/VIOLET-appstore6-576x1024.png 576w, https:\/\/www.sendagames.com\/wp-content\/uploads\/2020\/12\/VIOLET-appstore6-169x300.png 169w, https:\/\/www.sendagames.com\/wp-content\/uploads\/2020\/12\/VIOLET-appstore6-768x1365.png 768w, https:\/\/www.sendagames.com\/wp-content\/uploads\/2020\/12\/VIOLET-appstore6-864x1536.png 864w, https:\/\/www.sendagames.com\/wp-content\/uploads\/2020\/12\/VIOLET-appstore6-1152x2048.png 1152w, https:\/\/www.sendagames.com\/wp-content\/uploads\/2020\/12\/VIOLET-appstore6.png 1242w\" sizes=\"(max-width: 576px) 100vw, 576px\" \/><\/figure><\/li><\/ul><\/figure>\n\n\n\n<p><\/p>\n<\/div><\/div>\n\n\n\n<p><\/p>\n","protected":false},"excerpt":{"rendered":"<p>Una ni\u00f1a, un lago, y un camino hasta su cama&#8230; As\u00ed comienza la historia, que [&hellip;]<\/p>\n","protected":false},"author":1,"featured_media":0,"parent":0,"menu_order":0,"comment_status":"closed","ping_status":"closed","template":"","meta":[],"_links":{"self":[{"href":"https:\/\/www.sendagames.com\/index.php\/wp-json\/wp\/v2\/pages\/41"}],"collection":[{"href":"https:\/\/www.sendagames.com\/index.php\/wp-json\/wp\/v2\/pages"}],"about":[{"href":"https:\/\/www.sendagames.com\/index.php\/wp-json\/wp\/v2\/types\/page"}],"author":[{"embeddable":true,"href":"https:\/\/www.sendagames.com\/index.php\/wp-json\/wp\/v2\/users\/1"}],"replies":[{"embeddable":true,"href":"https:\/\/www.sendagames.com\/index.php\/wp-json\/wp\/v2\/comments?post=41"}],"version-history":[{"count":3,"href":"https:\/\/www.sendagames.com\/index.php\/wp-json\/wp\/v2\/pages\/41\/revisions"}],"predecessor-version":[{"id":236,"href":"https:\/\/www.sendagames.com\/index.php\/wp-json\/wp\/v2\/pages\/41\/revisions\/236"}],"wp:attachment":[{"href":"https:\/\/www.sendagames.com\/index.php\/wp-json\/wp\/v2\/media?parent=41"}],"curies":[{"name":"wp","href":"https:\/\/api.w.org\/{rel}","templated":true}]}}