{"id":162,"date":"2020-12-13T05:56:29","date_gmt":"2020-12-13T05:56:29","guid":{"rendered":"http:\/\/www.sendagames.com\/WEB\/?page_id=162"},"modified":"2021-03-01T20:20:34","modified_gmt":"2021-03-01T20:20:34","slug":"inicio","status":"publish","type":"page","link":"https:\/\/www.sendagames.com\/","title":{"rendered":"INICIO"},"content":{"rendered":"\n<div class=\"wp-block-media-text alignwide has-media-on-the-right is-stacked-on-mobile is-vertically-aligned-center\" style=\"grid-template-columns:auto 45%\"><figure class=\"wp-block-media-text__media\"><img decoding=\"async\" loading=\"lazy\" width=\"1024\" height=\"582\" src=\"https:\/\/www.sendagames.com\/wp-content\/uploads\/2020\/12\/promoRJ2-1024x582.png\" alt=\"\" class=\"wp-image-255 size-full\" srcset=\"https:\/\/www.sendagames.com\/wp-content\/uploads\/2020\/12\/promoRJ2-1024x582.png 1024w, https:\/\/www.sendagames.com\/wp-content\/uploads\/2020\/12\/promoRJ2-300x171.png 300w, https:\/\/www.sendagames.com\/wp-content\/uploads\/2020\/12\/promoRJ2-768x437.png 768w, https:\/\/www.sendagames.com\/wp-content\/uploads\/2020\/12\/promoRJ2.png 1245w\" sizes=\"(max-width: 1024px) 100vw, 1024px\" \/><\/figure><div class=\"wp-block-media-text__content\">\n<p class=\"has-text-align-center\" style=\"font-size:25px\"><br>Otti, la mascota que vivir\u00e1 en tu Apple Watch.&nbsp; \u00a1Elige el tuyo!<\/p>\n\n\n\n<p class=\"has-text-align-center\">\u00bfQue es Otti? Eso nadie lo sabe, lo que si sabemos es que te necesita para que cuides de \u00e9l. Dale de comer y beber, dale cari\u00f1o, una ducha de vez en cuando y m\u00e1ndalo a dormir cuando creas oportuno, pero sobre todo \u00a1no te olvides de jugar con \u00e9l!Desbloquea montones de complementos y habitaciones para configurarlo a tu manera.<\/p>\n\n\n\n<p class=\"has-text-align-center\">\u00a1Ser\u00e1 tu amigo m\u00e1s fiel y estar\u00e1 en tu mu\u00f1eca siempre que lo necesites!<\/p>\n\n\n\n<div class=\"wp-block-buttons aligncenter is-layout-flex\">\n<div class=\"wp-block-button is-style-fill\"><a class=\"wp-block-button__link has-background\" href=\"https:\/\/apps.apple.com\/es\/app\/otti\/id1481262481\" style=\"background-color:#ff0040\" target=\"_blank\" rel=\"noreferrer noopener\">Descargar en AppStore<\/a><\/div>\n\n\n\n<div class=\"wp-block-button\"><a class=\"wp-block-button__link has-background\" href=\"https:\/\/www.sendagames.com\/index.php\/otti\/\" style=\"background-color:#555d5a\">M\u00e1s Informaci\u00f3n<\/a><\/div>\n<\/div>\n<\/div><\/div>\n\n\n\n<hr class=\"wp-block-separator is-style-wide\"\/>\n\n\n\n<div class=\"wp-block-media-text alignwide is-stacked-on-mobile is-vertically-aligned-center\" style=\"grid-template-columns:46% auto\"><figure class=\"wp-block-media-text__media\"><img decoding=\"async\" loading=\"lazy\" width=\"1024\" height=\"511\" src=\"http:\/\/www.sendagames.com\/wp-content\/uploads\/2020\/12\/GOZ1-1024x511.png\" alt=\"\" class=\"wp-image-172 size-full\" srcset=\"https:\/\/www.sendagames.com\/wp-content\/uploads\/2020\/12\/GOZ1-1024x511.png 1024w, https:\/\/www.sendagames.com\/wp-content\/uploads\/2020\/12\/GOZ1-300x150.png 300w, https:\/\/www.sendagames.com\/wp-content\/uploads\/2020\/12\/GOZ1-768x384.png 768w, https:\/\/www.sendagames.com\/wp-content\/uploads\/2020\/12\/GOZ1-1536x767.png 1536w, https:\/\/www.sendagames.com\/wp-content\/uploads\/2020\/12\/GOZ1-2048x1023.png 2048w\" sizes=\"(max-width: 1024px) 100vw, 1024px\" \/><\/figure><div class=\"wp-block-media-text__content\">\n<p class=\"has-text-align-center\" style=\"font-size:25px\"><br>GOZ, mucho m\u00e1s que un juego de Zombies.<\/p>\n\n\n\n<p class=\"has-text-align-center\">Enfr\u00e9ntate a millones de enemigos por rondas, en el mayor Apocalipsis jam\u00e1s contado. Masacra, aniquila y revienta todo lo que se interponga en tu camino, tu mayor problema, seguir con vida.<br>Ad\u00e9ntrate en la piel del cient\u00edfico Adam, descubre todos los misterios ocultos y resuelve la paradoja en la que se encuentra atrapado.<\/p>\n\n\n\n<div class=\"wp-block-buttons aligncenter is-layout-flex\">\n<div class=\"wp-block-button is-style-fill\"><a class=\"wp-block-button__link has-background\" href=\"https:\/\/apps.apple.com\/es\/app\/game-of-zombies\/id1518310859\" style=\"background-color:#ff0040\" target=\"_blank\" rel=\"noreferrer noopener\">Descargar en AppStore<\/a><\/div>\n\n\n\n<div class=\"wp-block-button\"><a class=\"wp-block-button__link has-background\" href=\"https:\/\/www.sendagames.com\/index.php\/game-of-zombies\/\" style=\"background-color:#555d5a\">M\u00e1s Informaci\u00f3n<\/a><\/div>\n<\/div>\n<\/div><\/div>\n\n\n\n<hr class=\"wp-block-separator is-style-wide\"\/>\n\n\n\n<div class=\"wp-block-media-text alignwide has-media-on-the-right is-stacked-on-mobile is-vertically-aligned-center\" style=\"grid-template-columns:auto 46%\"><figure class=\"wp-block-media-text__media\"><img decoding=\"async\" loading=\"lazy\" width=\"1024\" height=\"559\" src=\"http:\/\/www.sendagames.com\/wp-content\/uploads\/2020\/12\/promoREMOTE-1024x559.png\" alt=\"\" class=\"wp-image-248 size-full\" srcset=\"https:\/\/www.sendagames.com\/wp-content\/uploads\/2020\/12\/promoREMOTE-1024x559.png 1024w, https:\/\/www.sendagames.com\/wp-content\/uploads\/2020\/12\/promoREMOTE-300x164.png 300w, https:\/\/www.sendagames.com\/wp-content\/uploads\/2020\/12\/promoREMOTE-768x419.png 768w, https:\/\/www.sendagames.com\/wp-content\/uploads\/2020\/12\/promoREMOTE-1536x838.png 1536w, https:\/\/www.sendagames.com\/wp-content\/uploads\/2020\/12\/promoREMOTE.png 1650w\" sizes=\"(max-width: 1024px) 100vw, 1024px\" \/><\/figure><div class=\"wp-block-media-text__content\">\n<p class=\"has-text-align-center\" style=\"font-size:25px\"><br>\u00a1Gasta bromas a tus amigos y familiares con Remote Joke!<\/p>\n\n\n\n<p class=\"has-text-align-center\">Solo tienes que esconder tu iPhone y elegir el sonido desde tu Apple Watch. \u00a1Te partir\u00e1s de risa!<br>Solo necesitas tu iPhone, tu Apple Watch y tu imaginaci\u00f3n.<\/p>\n\n\n\n<p class=\"has-text-align-center\">Y si con esto no es suficiente\u2026 \u00a1Tambi\u00e9n podr\u00e1s grabar tu propio sonido!<\/p>\n\n\n\n<div class=\"wp-block-buttons aligncenter is-layout-flex\">\n<div class=\"wp-block-button is-style-fill\"><a class=\"wp-block-button__link has-background\" href=\"https:\/\/apps.apple.com\/es\/app\/remote-joke\/id992134895\" style=\"background-color:#ff0040\" target=\"_blank\" rel=\"noreferrer noopener\">Descargar en AppStore<\/a><\/div>\n\n\n\n<div class=\"wp-block-button\"><a class=\"wp-block-button__link has-background\" href=\"https:\/\/www.sendagames.com\/index.php\/remote-joke\/\" style=\"background-color:#555d5a\">M\u00e1s Informaci\u00f3n<\/a><\/div>\n<\/div>\n\n\n\n<p><\/p>\n<\/div><\/div>\n\n\n\n<hr class=\"wp-block-separator is-style-wide\"\/>\n\n\n\n<div class=\"wp-block-media-text alignwide is-stacked-on-mobile is-vertically-aligned-center\" style=\"grid-template-columns:42% auto\"><figure class=\"wp-block-media-text__media\"><img decoding=\"async\" loading=\"lazy\" width=\"1024\" height=\"576\" src=\"http:\/\/www.sendagames.com\/wp-content\/uploads\/2020\/12\/violetX-1024x576.png\" alt=\"\" class=\"wp-image-265 size-full\" srcset=\"https:\/\/www.sendagames.com\/wp-content\/uploads\/2020\/12\/violetX-1024x576.png 1024w, https:\/\/www.sendagames.com\/wp-content\/uploads\/2020\/12\/violetX-300x169.png 300w, https:\/\/www.sendagames.com\/wp-content\/uploads\/2020\/12\/violetX-768x432.png 768w, https:\/\/www.sendagames.com\/wp-content\/uploads\/2020\/12\/violetX-1536x864.png 1536w, https:\/\/www.sendagames.com\/wp-content\/uploads\/2020\/12\/violetX-2048x1152.png 2048w\" sizes=\"(max-width: 1024px) 100vw, 1024px\" \/><\/figure><div class=\"wp-block-media-text__content\">\n<p class=\"has-text-align-center\" style=\"font-size:25px\"><br>Violet\u00b4s Dreams, una aventura que te mantendr\u00e1 despierto en el sue\u00f1o m\u00e1s profundo\u2026<\/p>\n\n\n\n<p class=\"has-text-align-center\">Una ni\u00f1a, un lago, y un camino hasta su cama\u2026 As\u00ed comienza la historia, que se repetir\u00e1 una y otra vez hasta el fin de los tiempos\u2026 o al menos, hasta que suene el despertador.<br>Inmersa en un eterno sue\u00f1o,Violet se encuentra en un lugar m\u00e1gico, en el que deber\u00e1 tomar r\u00e1pidas decisionesy encontrar el camino correcto para volver a su cama.<\/p>\n\n\n\n<div class=\"wp-block-buttons aligncenter is-layout-flex\">\n<div class=\"wp-block-button\"><a class=\"wp-block-button__link has-background\" href=\"https:\/\/www.sendagames.com\/index.php\/violet\/\" style=\"background-color:#555d5a\">M\u00e1s Informaci\u00f3n<\/a><\/div>\n<\/div>\n\n\n\n<p><\/p>\n<\/div><\/div>\n\n\n\n<hr class=\"wp-block-separator is-style-wide\"\/>\n\n\n\n<div class=\"wp-block-media-text alignwide has-media-on-the-right is-stacked-on-mobile is-vertically-aligned-center\" style=\"grid-template-columns:auto 42%\"><figure class=\"wp-block-media-text__media\"><img decoding=\"async\" loading=\"lazy\" width=\"1024\" height=\"512\" src=\"http:\/\/www.sendagames.com\/wp-content\/uploads\/2020\/12\/AWAKKE1-1024x512.png\" alt=\"\" class=\"wp-image-238 size-full\" srcset=\"https:\/\/www.sendagames.com\/wp-content\/uploads\/2020\/12\/AWAKKE1-1024x512.png 1024w, https:\/\/www.sendagames.com\/wp-content\/uploads\/2020\/12\/AWAKKE1-300x150.png 300w, https:\/\/www.sendagames.com\/wp-content\/uploads\/2020\/12\/AWAKKE1-768x384.png 768w, https:\/\/www.sendagames.com\/wp-content\/uploads\/2020\/12\/AWAKKE1-1536x768.png 1536w, https:\/\/www.sendagames.com\/wp-content\/uploads\/2020\/12\/AWAKKE1-2048x1024.png 2048w\" sizes=\"(max-width: 1024px) 100vw, 1024px\" \/><\/figure><div class=\"wp-block-media-text__content\">\n<p class=\"has-text-align-center\" style=\"font-size:25px\"><br>Awakke pondr\u00e1 a prueba tu agudeza visual, tu capacidad de concentraci\u00f3n y tus reflejos.<\/p>\n\n\n\n<p class=\"has-text-align-center\">Mantente muy despierto en un juego de concentraci\u00f3n fren\u00e9tico que acelerar\u00e1 tus nervios al m\u00e1ximo. \u00bfHasta d\u00f3nde ser\u00e1s capaz de llegar?<br>Compru\u00e9balo ya, descargando gratis Awakke.<\/p>\n\n\n\n<div class=\"wp-block-buttons aligncenter is-layout-flex\">\n<div class=\"wp-block-button\"><a class=\"wp-block-button__link has-background\" href=\"https:\/\/www.sendagames.com\/index.php\/awakke\/\" style=\"background-color:#555d5a\">M\u00e1s Informaci\u00f3n<\/a><\/div>\n<\/div>\n\n\n\n<p><\/p>\n<\/div><\/div>\n\n\n\n<p><\/p>\n","protected":false},"excerpt":{"rendered":"","protected":false},"author":1,"featured_media":0,"parent":0,"menu_order":0,"comment_status":"closed","ping_status":"closed","template":"","meta":[],"_links":{"self":[{"href":"https:\/\/www.sendagames.com\/index.php\/wp-json\/wp\/v2\/pages\/162"}],"collection":[{"href":"https:\/\/www.sendagames.com\/index.php\/wp-json\/wp\/v2\/pages"}],"about":[{"href":"https:\/\/www.sendagames.com\/index.php\/wp-json\/wp\/v2\/types\/page"}],"author":[{"embeddable":true,"href":"https:\/\/www.sendagames.com\/index.php\/wp-json\/wp\/v2\/users\/1"}],"replies":[{"embeddable":true,"href":"https:\/\/www.sendagames.com\/index.php\/wp-json\/wp\/v2\/comments?post=162"}],"version-history":[{"count":19,"href":"https:\/\/www.sendagames.com\/index.php\/wp-json\/wp\/v2\/pages\/162\/revisions"}],"predecessor-version":[{"id":317,"href":"https:\/\/www.sendagames.com\/index.php\/wp-json\/wp\/v2\/pages\/162\/revisions\/317"}],"wp:attachment":[{"href":"https:\/\/www.sendagames.com\/index.php\/wp-json\/wp\/v2\/media?parent=162"}],"curies":[{"name":"wp","href":"https:\/\/api.w.org\/{rel}","templated":true}]}}