{"id":121,"date":"2020-12-13T04:46:22","date_gmt":"2020-12-13T04:46:22","guid":{"rendered":"http:\/\/www.sendagames.com\/WEB\/?page_id=121"},"modified":"2020-12-13T20:09:29","modified_gmt":"2020-12-13T20:09:29","slug":"otti","status":"publish","type":"page","link":"https:\/\/www.sendagames.com\/index.php\/otti\/","title":{"rendered":"OTTI"},"content":{"rendered":"\n<p class=\"has-text-align-center\">La mascota que vivir\u00e1 en tu Apple Watch. \u00a1Elige el tuyo!<br>\u00bfQue es Otti? Eso nadie lo sabe, lo que si sabemos es que te necesita para que cuide de \u00e9l. Dale de comer y beber, dale cari\u00f1o, una ducha de vez en cuando y m\u00e1ndalo a dormir cuando creas oportuno, pero sobre todo \u00a1no te olvides de jugar con \u00e9l! Desbloquea montones de complementos y habitaciones para configurarlo a tu manera.<br>\u00a1Ser\u00e1 tu amigo m\u00e1s fiel y estar\u00e1 en tu mu\u00f1eca siempre que lo necesites!<\/p>\n\n\n\n<figure class=\"wp-block-gallery columns-3 is-cropped wp-block-gallery-1 is-layout-flex\"><ul class=\"blocks-gallery-grid\"><li class=\"blocks-gallery-item\"><figure><img decoding=\"async\" loading=\"lazy\" width=\"576\" height=\"1024\" src=\"http:\/\/www.sendagames.com\/wp-content\/uploads\/2020\/12\/OTTI-appstore1-576x1024.png\" alt=\"\" data-id=\"205\" data-full-url=\"http:\/\/www.sendagames.com\/wp-content\/uploads\/2020\/12\/OTTI-appstore1.png\" data-link=\"http:\/\/www.sendagames.com\/index.php\/otti\/otti-appstore1\/\" class=\"wp-image-205\" srcset=\"https:\/\/www.sendagames.com\/wp-content\/uploads\/2020\/12\/OTTI-appstore1-576x1024.png 576w, https:\/\/www.sendagames.com\/wp-content\/uploads\/2020\/12\/OTTI-appstore1-169x300.png 169w, https:\/\/www.sendagames.com\/wp-content\/uploads\/2020\/12\/OTTI-appstore1-768x1365.png 768w, https:\/\/www.sendagames.com\/wp-content\/uploads\/2020\/12\/OTTI-appstore1-864x1536.png 864w, https:\/\/www.sendagames.com\/wp-content\/uploads\/2020\/12\/OTTI-appstore1-1152x2048.png 1152w, https:\/\/www.sendagames.com\/wp-content\/uploads\/2020\/12\/OTTI-appstore1.png 1242w\" sizes=\"(max-width: 576px) 100vw, 576px\" \/><\/figure><\/li><li class=\"blocks-gallery-item\"><figure><img decoding=\"async\" loading=\"lazy\" width=\"576\" height=\"1024\" src=\"http:\/\/www.sendagames.com\/wp-content\/uploads\/2020\/12\/OTTI-appstore2-576x1024.png\" alt=\"\" data-id=\"206\" data-full-url=\"http:\/\/www.sendagames.com\/wp-content\/uploads\/2020\/12\/OTTI-appstore2.png\" data-link=\"http:\/\/www.sendagames.com\/index.php\/otti\/otti-appstore2\/\" class=\"wp-image-206\" srcset=\"https:\/\/www.sendagames.com\/wp-content\/uploads\/2020\/12\/OTTI-appstore2-576x1024.png 576w, https:\/\/www.sendagames.com\/wp-content\/uploads\/2020\/12\/OTTI-appstore2-169x300.png 169w, https:\/\/www.sendagames.com\/wp-content\/uploads\/2020\/12\/OTTI-appstore2-768x1365.png 768w, https:\/\/www.sendagames.com\/wp-content\/uploads\/2020\/12\/OTTI-appstore2-864x1536.png 864w, https:\/\/www.sendagames.com\/wp-content\/uploads\/2020\/12\/OTTI-appstore2-1152x2048.png 1152w, https:\/\/www.sendagames.com\/wp-content\/uploads\/2020\/12\/OTTI-appstore2.png 1242w\" sizes=\"(max-width: 576px) 100vw, 576px\" \/><\/figure><\/li><li class=\"blocks-gallery-item\"><figure><img decoding=\"async\" loading=\"lazy\" width=\"576\" height=\"1024\" src=\"http:\/\/www.sendagames.com\/wp-content\/uploads\/2020\/12\/OTTI-appstore3-576x1024.png\" alt=\"\" data-id=\"207\" data-full-url=\"http:\/\/www.sendagames.com\/wp-content\/uploads\/2020\/12\/OTTI-appstore3.png\" data-link=\"http:\/\/www.sendagames.com\/index.php\/otti\/otti-appstore3\/\" class=\"wp-image-207\" srcset=\"https:\/\/www.sendagames.com\/wp-content\/uploads\/2020\/12\/OTTI-appstore3-576x1024.png 576w, https:\/\/www.sendagames.com\/wp-content\/uploads\/2020\/12\/OTTI-appstore3-169x300.png 169w, https:\/\/www.sendagames.com\/wp-content\/uploads\/2020\/12\/OTTI-appstore3-768x1365.png 768w, https:\/\/www.sendagames.com\/wp-content\/uploads\/2020\/12\/OTTI-appstore3-864x1536.png 864w, https:\/\/www.sendagames.com\/wp-content\/uploads\/2020\/12\/OTTI-appstore3-1152x2048.png 1152w, https:\/\/www.sendagames.com\/wp-content\/uploads\/2020\/12\/OTTI-appstore3.png 1242w\" sizes=\"(max-width: 576px) 100vw, 576px\" \/><\/figure><\/li><\/ul><\/figure>\n","protected":false},"excerpt":{"rendered":"<p>La mascota que vivir\u00e1 en tu Apple Watch. \u00a1Elige el tuyo!\u00bfQue es Otti? Eso nadie [&hellip;]<\/p>\n","protected":false},"author":1,"featured_media":0,"parent":0,"menu_order":0,"comment_status":"closed","ping_status":"closed","template":"","meta":[],"_links":{"self":[{"href":"https:\/\/www.sendagames.com\/index.php\/wp-json\/wp\/v2\/pages\/121"}],"collection":[{"href":"https:\/\/www.sendagames.com\/index.php\/wp-json\/wp\/v2\/pages"}],"about":[{"href":"https:\/\/www.sendagames.com\/index.php\/wp-json\/wp\/v2\/types\/page"}],"author":[{"embeddable":true,"href":"https:\/\/www.sendagames.com\/index.php\/wp-json\/wp\/v2\/users\/1"}],"replies":[{"embeddable":true,"href":"https:\/\/www.sendagames.com\/index.php\/wp-json\/wp\/v2\/comments?post=121"}],"version-history":[{"count":2,"href":"https:\/\/www.sendagames.com\/index.php\/wp-json\/wp\/v2\/pages\/121\/revisions"}],"predecessor-version":[{"id":229,"href":"https:\/\/www.sendagames.com\/index.php\/wp-json\/wp\/v2\/pages\/121\/revisions\/229"}],"wp:attachment":[{"href":"https:\/\/www.sendagames.com\/index.php\/wp-json\/wp\/v2\/media?parent=121"}],"curies":[{"name":"wp","href":"https:\/\/api.w.org\/{rel}","templated":true}]}}