{"id":118,"date":"2020-12-13T04:45:34","date_gmt":"2020-12-13T04:45:34","guid":{"rendered":"http:\/\/www.sendagames.com\/WEB\/?page_id=118"},"modified":"2020-12-13T19:16:07","modified_gmt":"2020-12-13T19:16:07","slug":"passpass","status":"publish","type":"page","link":"https:\/\/www.sendagames.com\/index.php\/passpass\/","title":{"rendered":"PASSPASS"},"content":{"rendered":"\n<p class=\"has-text-align-center\">\u00bfEres de los que a\u00fan siguen apuntando sus contrase\u00f1as en una vieja libreta? \u00a1Ha llegado el momento de actualizarse!<br>Guarda tu informaci\u00f3n m\u00e1s importante en el lugar m\u00e1s seguro del mundo, tu iPhone.<br>Passpass almacena tus contrase\u00f1as \u00fanicamente en tu iPhone y de la manera m\u00e1s segura, utilizando encriptaci\u00f3n AES-256 para proteger toda tu informaci\u00f3n.<br>Para garantizar la m\u00e1xima seguridad, tus contrase\u00f1as ser\u00e1n cifradas, utilizando como clave primaria tu contrase\u00f1a maestra. De tal manera, que la \u00fanica persona que podr\u00e1 desencriptarlas, ser\u00e1s t\u00fa.<br>Crea tantos llaveros como necesites para organizarlo todo a tu manera y elige entre montones de iconos de tus marcas favoritas.<br>Usa FaceID o TouchID para acceder a la aplicaci\u00f3n de manera m\u00e1s r\u00e1pida.<br>\u00bfTienes un Apple Watch? \u00a1Consulta tus llaveros y contrase\u00f1as directamente en tu mu\u00f1eca!<br>Una combinaci\u00f3n de seguridad y comodidad, junto a un dise\u00f1o limpio y f\u00e1cil de usar, hace que Passpass sea la mejor opci\u00f3n para guardar tu informaci\u00f3n m\u00e1s sensible.<\/p>\n\n\n\n<figure class=\"wp-block-gallery columns-6 is-cropped wp-block-gallery-1 is-layout-flex\"><ul class=\"blocks-gallery-grid\"><li class=\"blocks-gallery-item\"><figure><img decoding=\"async\" loading=\"lazy\" width=\"473\" height=\"1024\" src=\"http:\/\/www.sendagames.com\/wp-content\/uploads\/2020\/12\/PASSPASS-appstore1-473x1024.png\" alt=\"\" data-id=\"209\" data-full-url=\"http:\/\/www.sendagames.com\/wp-content\/uploads\/2020\/12\/PASSPASS-appstore1.png\" data-link=\"http:\/\/www.sendagames.com\/index.php\/passpass\/passpass-appstore1\/\" class=\"wp-image-209\" srcset=\"https:\/\/www.sendagames.com\/wp-content\/uploads\/2020\/12\/PASSPASS-appstore1-473x1024.png 473w, https:\/\/www.sendagames.com\/wp-content\/uploads\/2020\/12\/PASSPASS-appstore1-139x300.png 139w, https:\/\/www.sendagames.com\/wp-content\/uploads\/2020\/12\/PASSPASS-appstore1-768x1662.png 768w, https:\/\/www.sendagames.com\/wp-content\/uploads\/2020\/12\/PASSPASS-appstore1-710x1536.png 710w, https:\/\/www.sendagames.com\/wp-content\/uploads\/2020\/12\/PASSPASS-appstore1-946x2048.png 946w, https:\/\/www.sendagames.com\/wp-content\/uploads\/2020\/12\/PASSPASS-appstore1.png 1242w\" sizes=\"(max-width: 473px) 100vw, 473px\" \/><\/figure><\/li><li class=\"blocks-gallery-item\"><figure><img decoding=\"async\" loading=\"lazy\" width=\"473\" height=\"1024\" src=\"http:\/\/www.sendagames.com\/wp-content\/uploads\/2020\/12\/PASSPASS-appstore2-473x1024.png\" alt=\"\" data-id=\"210\" data-full-url=\"http:\/\/www.sendagames.com\/wp-content\/uploads\/2020\/12\/PASSPASS-appstore2.png\" data-link=\"http:\/\/www.sendagames.com\/index.php\/passpass\/passpass-appstore2\/\" class=\"wp-image-210\" srcset=\"https:\/\/www.sendagames.com\/wp-content\/uploads\/2020\/12\/PASSPASS-appstore2-473x1024.png 473w, https:\/\/www.sendagames.com\/wp-content\/uploads\/2020\/12\/PASSPASS-appstore2-139x300.png 139w, https:\/\/www.sendagames.com\/wp-content\/uploads\/2020\/12\/PASSPASS-appstore2-768x1662.png 768w, https:\/\/www.sendagames.com\/wp-content\/uploads\/2020\/12\/PASSPASS-appstore2-710x1536.png 710w, https:\/\/www.sendagames.com\/wp-content\/uploads\/2020\/12\/PASSPASS-appstore2-946x2048.png 946w, https:\/\/www.sendagames.com\/wp-content\/uploads\/2020\/12\/PASSPASS-appstore2.png 1242w\" sizes=\"(max-width: 473px) 100vw, 473px\" \/><\/figure><\/li><li class=\"blocks-gallery-item\"><figure><img decoding=\"async\" loading=\"lazy\" width=\"473\" height=\"1024\" src=\"http:\/\/www.sendagames.com\/wp-content\/uploads\/2020\/12\/PASSPASS-appstore3-473x1024.png\" alt=\"\" data-id=\"211\" data-full-url=\"http:\/\/www.sendagames.com\/wp-content\/uploads\/2020\/12\/PASSPASS-appstore3.png\" data-link=\"http:\/\/www.sendagames.com\/index.php\/passpass\/passpass-appstore3\/\" class=\"wp-image-211\" srcset=\"https:\/\/www.sendagames.com\/wp-content\/uploads\/2020\/12\/PASSPASS-appstore3-473x1024.png 473w, https:\/\/www.sendagames.com\/wp-content\/uploads\/2020\/12\/PASSPASS-appstore3-139x300.png 139w, https:\/\/www.sendagames.com\/wp-content\/uploads\/2020\/12\/PASSPASS-appstore3-768x1662.png 768w, https:\/\/www.sendagames.com\/wp-content\/uploads\/2020\/12\/PASSPASS-appstore3-710x1536.png 710w, https:\/\/www.sendagames.com\/wp-content\/uploads\/2020\/12\/PASSPASS-appstore3-946x2048.png 946w, https:\/\/www.sendagames.com\/wp-content\/uploads\/2020\/12\/PASSPASS-appstore3.png 1242w\" sizes=\"(max-width: 473px) 100vw, 473px\" \/><\/figure><\/li><li class=\"blocks-gallery-item\"><figure><img decoding=\"async\" loading=\"lazy\" width=\"473\" height=\"1024\" src=\"http:\/\/www.sendagames.com\/wp-content\/uploads\/2020\/12\/PASSPASS-appstore4-473x1024.png\" alt=\"\" data-id=\"212\" data-full-url=\"http:\/\/www.sendagames.com\/wp-content\/uploads\/2020\/12\/PASSPASS-appstore4.png\" data-link=\"http:\/\/www.sendagames.com\/index.php\/passpass\/passpass-appstore4\/\" class=\"wp-image-212\" srcset=\"https:\/\/www.sendagames.com\/wp-content\/uploads\/2020\/12\/PASSPASS-appstore4-473x1024.png 473w, https:\/\/www.sendagames.com\/wp-content\/uploads\/2020\/12\/PASSPASS-appstore4-139x300.png 139w, https:\/\/www.sendagames.com\/wp-content\/uploads\/2020\/12\/PASSPASS-appstore4-768x1662.png 768w, https:\/\/www.sendagames.com\/wp-content\/uploads\/2020\/12\/PASSPASS-appstore4-710x1536.png 710w, https:\/\/www.sendagames.com\/wp-content\/uploads\/2020\/12\/PASSPASS-appstore4-946x2048.png 946w, https:\/\/www.sendagames.com\/wp-content\/uploads\/2020\/12\/PASSPASS-appstore4.png 1242w\" sizes=\"(max-width: 473px) 100vw, 473px\" \/><\/figure><\/li><li class=\"blocks-gallery-item\"><figure><img decoding=\"async\" loading=\"lazy\" width=\"473\" height=\"1024\" src=\"http:\/\/www.sendagames.com\/wp-content\/uploads\/2020\/12\/PASSPASS-appstore5-473x1024.png\" alt=\"\" data-id=\"213\" data-full-url=\"http:\/\/www.sendagames.com\/wp-content\/uploads\/2020\/12\/PASSPASS-appstore5.png\" data-link=\"http:\/\/www.sendagames.com\/index.php\/passpass\/passpass-appstore5\/\" class=\"wp-image-213\" srcset=\"https:\/\/www.sendagames.com\/wp-content\/uploads\/2020\/12\/PASSPASS-appstore5-473x1024.png 473w, https:\/\/www.sendagames.com\/wp-content\/uploads\/2020\/12\/PASSPASS-appstore5-139x300.png 139w, https:\/\/www.sendagames.com\/wp-content\/uploads\/2020\/12\/PASSPASS-appstore5-768x1662.png 768w, https:\/\/www.sendagames.com\/wp-content\/uploads\/2020\/12\/PASSPASS-appstore5-710x1536.png 710w, https:\/\/www.sendagames.com\/wp-content\/uploads\/2020\/12\/PASSPASS-appstore5-946x2048.png 946w, https:\/\/www.sendagames.com\/wp-content\/uploads\/2020\/12\/PASSPASS-appstore5.png 1242w\" sizes=\"(max-width: 473px) 100vw, 473px\" \/><\/figure><\/li><li class=\"blocks-gallery-item\"><figure><img decoding=\"async\" loading=\"lazy\" width=\"473\" height=\"1024\" src=\"http:\/\/www.sendagames.com\/wp-content\/uploads\/2020\/12\/PASSPASS-appstore6-473x1024.png\" alt=\"\" data-id=\"214\" data-full-url=\"http:\/\/www.sendagames.com\/wp-content\/uploads\/2020\/12\/PASSPASS-appstore6.png\" data-link=\"http:\/\/www.sendagames.com\/index.php\/passpass\/passpass-appstore6\/\" class=\"wp-image-214\" srcset=\"https:\/\/www.sendagames.com\/wp-content\/uploads\/2020\/12\/PASSPASS-appstore6-473x1024.png 473w, https:\/\/www.sendagames.com\/wp-content\/uploads\/2020\/12\/PASSPASS-appstore6-139x300.png 139w, https:\/\/www.sendagames.com\/wp-content\/uploads\/2020\/12\/PASSPASS-appstore6-768x1662.png 768w, https:\/\/www.sendagames.com\/wp-content\/uploads\/2020\/12\/PASSPASS-appstore6-710x1536.png 710w, https:\/\/www.sendagames.com\/wp-content\/uploads\/2020\/12\/PASSPASS-appstore6-946x2048.png 946w, https:\/\/www.sendagames.com\/wp-content\/uploads\/2020\/12\/PASSPASS-appstore6.png 1242w\" sizes=\"(max-width: 473px) 100vw, 473px\" \/><\/figure><\/li><\/ul><\/figure>\n","protected":false},"excerpt":{"rendered":"<p>\u00bfEres de los que a\u00fan siguen apuntando sus contrase\u00f1as en una vieja libreta? \u00a1Ha llegado [&hellip;]<\/p>\n","protected":false},"author":1,"featured_media":0,"parent":0,"menu_order":0,"comment_status":"closed","ping_status":"closed","template":"","meta":[],"_links":{"self":[{"href":"https:\/\/www.sendagames.com\/index.php\/wp-json\/wp\/v2\/pages\/118"}],"collection":[{"href":"https:\/\/www.sendagames.com\/index.php\/wp-json\/wp\/v2\/pages"}],"about":[{"href":"https:\/\/www.sendagames.com\/index.php\/wp-json\/wp\/v2\/types\/page"}],"author":[{"embeddable":true,"href":"https:\/\/www.sendagames.com\/index.php\/wp-json\/wp\/v2\/users\/1"}],"replies":[{"embeddable":true,"href":"https:\/\/www.sendagames.com\/index.php\/wp-json\/wp\/v2\/comments?post=118"}],"version-history":[{"count":1,"href":"https:\/\/www.sendagames.com\/index.php\/wp-json\/wp\/v2\/pages\/118\/revisions"}],"predecessor-version":[{"id":215,"href":"https:\/\/www.sendagames.com\/index.php\/wp-json\/wp\/v2\/pages\/118\/revisions\/215"}],"wp:attachment":[{"href":"https:\/\/www.sendagames.com\/index.php\/wp-json\/wp\/v2\/media?parent=118"}],"curies":[{"name":"wp","href":"https:\/\/api.w.org\/{rel}","templated":true}]}}